{"id":252,"date":"2022-11-20T14:13:17","date_gmt":"2022-11-20T14:13:17","guid":{"rendered":"http:\/\/3.76.88.255\/?page_id=252"},"modified":"2025-12-19T16:25:03","modified_gmt":"2025-12-19T14:25:03","slug":"hinnasto","status":"publish","type":"page","link":"https:\/\/kulosaarenliikuntaseura.fi\/sv\/hinnasto\/","title":{"rendered":"Terminsavgifter"},"content":{"rendered":"<div data-elementor-type=\"wp-page\" data-elementor-id=\"252\" class=\"elementor elementor-252\">\n\t\t\t\t\t\t<div class=\"elementor-inner\">\n\t\t\t\t<div class=\"elementor-section-wrap\">\n\t\t\t\t\t\t\t\t\t<section class=\"elementor-section elementor-top-section elementor-element elementor-element-6f6bed1 elementor-section-boxed elementor-section-height-default elementor-section-height-default\" data-id=\"6f6bed1\" data-element_type=\"section\">\n\t\t\t\t\t\t<div class=\"elementor-container elementor-column-gap-default\">\n\t\t\t\t\t\t\t<div class=\"elementor-row\">\n\t\t\t\t\t<div class=\"aux-parallax-section elementor-column elementor-col-100 elementor-top-column elementor-element elementor-element-23d06b4\" data-id=\"23d06b4\" data-element_type=\"column\">\n\t\t\t<div class=\"elementor-column-wrap elementor-element-populated\">\n\t\t\t\t\t\t\t<div class=\"elementor-widget-wrap\">\n\t\t\t\t\t\t<div class=\"elementor-element elementor-element-297dafb elementor-widget elementor-widget-aux_modern_heading\" data-id=\"297dafb\" data-element_type=\"widget\" data-widget_type=\"aux_modern_heading.default\">\n\t\t\t\t<div class=\"elementor-widget-container\">\n\t\t\t<section class=\"aux-widget-modern-heading\">\n            <div class=\"aux-widget-inner\"><h2 class=\"aux-modern-heading-primary\">Hinnasto kev\u00e4t 2026<\/h2><div class=\"aux-modern-heading-divider\"><\/div><div class=\"aux-modern-heading-description\"><p>Hintoihin lis\u00e4t\u00e4\u00e4n\u00a0j\u00e4senmaksu 25\u20ac<\/p><\/div><\/div>\n        <\/section>\t\t<\/div>\n\t\t\t\t<\/div>\n\t\t\t\t<section class=\"elementor-section elementor-inner-section elementor-element elementor-element-77be7a1 elementor-section-boxed elementor-section-height-default elementor-section-height-default\" data-id=\"77be7a1\" data-element_type=\"section\" data-settings=\"{&quot;background_background&quot;:&quot;classic&quot;}\">\n\t\t\t\t\t\t<div class=\"elementor-container elementor-column-gap-default\">\n\t\t\t\t\t\t\t<div class=\"elementor-row\">\n\t\t\t\t\t<div class=\"aux-parallax-section elementor-column elementor-col-25 elementor-inner-column elementor-element elementor-element-9806719\" data-id=\"9806719\" data-element_type=\"column\" data-settings=\"{&quot;background_background&quot;:&quot;classic&quot;}\">\n\t\t\t<div class=\"elementor-column-wrap elementor-element-populated\">\n\t\t\t\t\t\t\t<div class=\"elementor-widget-wrap\">\n\t\t\t\t\t\t<div class=\"elementor-element elementor-element-a6f1856 elementor-widget elementor-widget-heading\" data-id=\"a6f1856\" data-element_type=\"widget\" data-widget_type=\"heading.default\">\n\t\t\t\t<div class=\"elementor-widget-container\">\n\t\t\t<h2 class=\"elementor-heading-title elementor-size-default\">Pass f\u00f6r barn<\/h2>\t\t<\/div>\n\t\t\t\t<\/div>\n\t\t\t\t<div class=\"elementor-element elementor-element-2194e3a elementor-widget elementor-widget-text-editor\" data-id=\"2194e3a\" data-element_type=\"widget\" data-widget_type=\"text-editor.default\">\n\t\t\t\t<div class=\"elementor-widget-container\">\n\t\t\t\t\t\t\t\t<div class=\"elementor-text-editor elementor-clearfix\">\n\t\t\t\t<div>Taapero-vanhempijumppa &#8211;<strong>11<\/strong><strong>5\u20ac<\/strong><\/div><div>Sagogymnastik \u2013 <strong>125\u20ac<\/strong><\/div><div>TeamGym\/telinejumppa &#8211; <strong>160\u20ac<\/strong><\/div><div>TeamGym Delia &#8211; <strong>490\u20ac<\/strong><\/div><div>TeamGym Galaxy <strong>&#8211; 595\u20ac<\/strong><\/div>\t\t\t\t\t<\/div>\n\t\t\t\t\t\t<\/div>\n\t\t\t\t<\/div>\n\t\t\t\t\t\t<\/div>\n\t\t\t\t\t<\/div>\n\t\t<\/div>\n\t\t\t\t<div class=\"aux-parallax-section elementor-column elementor-col-25 elementor-inner-column elementor-element elementor-element-8821bb3\" data-id=\"8821bb3\" data-element_type=\"column\" data-settings=\"{&quot;background_background&quot;:&quot;classic&quot;}\">\n\t\t\t<div class=\"elementor-column-wrap elementor-element-populated\">\n\t\t\t\t\t\t\t<div class=\"elementor-widget-wrap\">\n\t\t\t\t\t\t<div class=\"elementor-element elementor-element-fb6b06d elementor-widget elementor-widget-image\" data-id=\"fb6b06d\" data-element_type=\"widget\" data-widget_type=\"image.default\">\n\t\t\t\t<div class=\"elementor-widget-container\">\n\t\t\t\t\t\t\t\t<div class=\"elementor-image\">\n\t\t\t\t\t\t\t\t\t\t\t\t<img width=\"768\" height=\"768\" src=\"https:\/\/kulosaarenliikuntaseura.fi\/wp-content\/uploads\/2022\/11\/IMG_6863-768x768.jpg\" class=\"attachment-medium_large size-medium_large\" alt=\"\" loading=\"lazy\" srcset=\"https:\/\/kulosaarenliikuntaseura.fi\/wp-content\/uploads\/2022\/11\/IMG_6863-768x768.jpg 768w, https:\/\/kulosaarenliikuntaseura.fi\/wp-content\/uploads\/2022\/11\/IMG_6863-300x300.jpg 300w, https:\/\/kulosaarenliikuntaseura.fi\/wp-content\/uploads\/2022\/11\/IMG_6863-1024x1024.jpg 1024w, https:\/\/kulosaarenliikuntaseura.fi\/wp-content\/uploads\/2022\/11\/IMG_6863-150x150.jpg 150w\" sizes=\"(max-width: 768px) 100vw, 768px\" \/>\t\t\t\t\t\t\t\t\t\t\t\t\t\t<\/div>\n\t\t\t\t\t\t<\/div>\n\t\t\t\t<\/div>\n\t\t\t\t\t\t<\/div>\n\t\t\t\t\t<\/div>\n\t\t<\/div>\n\t\t\t\t<div class=\"aux-parallax-section elementor-column elementor-col-25 elementor-inner-column elementor-element elementor-element-f8b0f7b\" data-id=\"f8b0f7b\" data-element_type=\"column\" data-settings=\"{&quot;background_background&quot;:&quot;classic&quot;}\">\n\t\t\t<div class=\"elementor-column-wrap elementor-element-populated\">\n\t\t\t\t\t\t\t<div class=\"elementor-widget-wrap\">\n\t\t\t\t\t\t<div class=\"elementor-element elementor-element-92e2cae elementor-widget elementor-widget-heading\" data-id=\"92e2cae\" data-element_type=\"widget\" data-widget_type=\"heading.default\">\n\t\t\t\t<div class=\"elementor-widget-container\">\n\t\t\t<h2 class=\"elementor-heading-title elementor-size-default\">Pass f\u00f6r vuxna<\/h2>\t\t<\/div>\n\t\t\t\t<\/div>\n\t\t\t\t<div class=\"elementor-element elementor-element-6f1d3bd elementor-widget elementor-widget-text-editor\" data-id=\"6f1d3bd\" data-element_type=\"widget\" data-widget_type=\"text-editor.default\">\n\t\t\t\t<div class=\"elementor-widget-container\">\n\t\t\t\t\t\t\t\t<div class=\"elementor-text-editor elementor-clearfix\">\n\t\t\t\t<div>Anytime \u2013\u00a0 <strong>240\u20ac<\/strong><\/div><div>Hydrobic \u2013 <strong>105\u20ac<\/strong><\/div><div>Hydroflow &#8211;<strong> 70<\/strong><strong>\u20ac<\/strong><\/div><div>Hydrobic+hydroflow &#8211; <strong>160\u20ac<\/strong><\/div><div>Kettlebell \u2013 <strong>135\u20ac<\/strong><\/div><div>Body\/core\/syke\/voima- <strong>135\u20ac<\/strong><\/div><div>Pilates &#8211; <strong>135\u20ac<\/strong><\/div><div>Mild yoga  \u2013 <strong>135\u20ac<\/strong><\/div><div>\u00a0<\/div><div>\u00a0<\/div><div>\u00a0<\/div>\t\t\t\t\t<\/div>\n\t\t\t\t\t\t<\/div>\n\t\t\t\t<\/div>\n\t\t\t\t\t\t<\/div>\n\t\t\t\t\t<\/div>\n\t\t<\/div>\n\t\t\t\t<div class=\"aux-parallax-section elementor-column elementor-col-25 elementor-inner-column elementor-element elementor-element-60d4fd8\" data-id=\"60d4fd8\" data-element_type=\"column\" data-settings=\"{&quot;background_background&quot;:&quot;classic&quot;}\">\n\t\t\t<div class=\"elementor-column-wrap elementor-element-populated\">\n\t\t\t\t\t\t\t<div class=\"elementor-widget-wrap\">\n\t\t\t\t\t\t<div class=\"elementor-element elementor-element-6e8874b elementor-widget elementor-widget-image\" data-id=\"6e8874b\" data-element_type=\"widget\" data-widget_type=\"image.default\">\n\t\t\t\t<div class=\"elementor-widget-container\">\n\t\t\t\t\t\t\t\t<div class=\"elementor-image\">\n\t\t\t\t\t\t\t\t\t\t\t\t<img width=\"768\" height=\"768\" src=\"https:\/\/kulosaarenliikuntaseura.fi\/wp-content\/uploads\/2022\/11\/kettlebell-g3e46f765d_1920-768x768.jpg\" class=\"attachment-medium_large size-medium_large\" alt=\"\" loading=\"lazy\" srcset=\"https:\/\/kulosaarenliikuntaseura.fi\/wp-content\/uploads\/2022\/11\/kettlebell-g3e46f765d_1920-768x768.jpg 768w, https:\/\/kulosaarenliikuntaseura.fi\/wp-content\/uploads\/2022\/11\/kettlebell-g3e46f765d_1920-300x300.jpg 300w, https:\/\/kulosaarenliikuntaseura.fi\/wp-content\/uploads\/2022\/11\/kettlebell-g3e46f765d_1920-1024x1024.jpg 1024w, https:\/\/kulosaarenliikuntaseura.fi\/wp-content\/uploads\/2022\/11\/kettlebell-g3e46f765d_1920-150x150.jpg 150w\" sizes=\"(max-width: 768px) 100vw, 768px\" \/>\t\t\t\t\t\t\t\t\t\t\t\t\t\t<\/div>\n\t\t\t\t\t\t<\/div>\n\t\t\t\t<\/div>\n\t\t\t\t\t\t<\/div>\n\t\t\t\t\t<\/div>\n\t\t<\/div>\n\t\t\t\t\t\t\t\t<\/div>\n\t\t\t\t\t<\/div>\n\t\t<\/section>\n\t\t\t\t\t\t<\/div>\n\t\t\t\t\t<\/div>\n\t\t<\/div>\n\t\t\t\t\t\t\t\t<\/div>\n\t\t\t\t\t<\/div>\n\t\t<\/section>\n\t\t\t\t\t\t\t\t\t<\/div>\n\t\t\t<\/div>\n\t\t\t\t\t<\/div>","protected":false},"excerpt":{"rendered":"<p>Hinnasto kev\u00e4t 2026 Hintoihin lis\u00e4t\u00e4\u00e4n\u00a0j\u00e4senmaksu 25\u20ac Lasten tunnit Taapero-vanhempijumppa &#8211;115\u20acSatujumppa &#8211; 125\u20acTeamGym\/telinejumppa &#8211; 160\u20acTeamGym Delia &#8211; 490\u20acTeamGym Galaxy &#8211; 595\u20ac Aikuisten tunnit Anytime &#8211;\u00a0 240\u20acHydrobic &#8211; 105\u20acHydroflow &#8211; 70\u20acHydrobic+hydroflow &#8211; 160\u20acKahvakuula &#8211; 135\u20acBody\/core\/syke\/voima- 135\u20acPilates &#8211; 135\u20acLempe\u00e4 jooga &#8211; 135\u20ac\u00a0\u00a0\u00a0<\/p>","protected":false},"author":1,"featured_media":0,"parent":0,"menu_order":0,"comment_status":"closed","ping_status":"closed","template":"","meta":[],"_links":{"self":[{"href":"https:\/\/kulosaarenliikuntaseura.fi\/sv\/wp-json\/wp\/v2\/pages\/252"}],"collection":[{"href":"https:\/\/kulosaarenliikuntaseura.fi\/sv\/wp-json\/wp\/v2\/pages"}],"about":[{"href":"https:\/\/kulosaarenliikuntaseura.fi\/sv\/wp-json\/wp\/v2\/types\/page"}],"author":[{"embeddable":true,"href":"https:\/\/kulosaarenliikuntaseura.fi\/sv\/wp-json\/wp\/v2\/users\/1"}],"replies":[{"embeddable":true,"href":"https:\/\/kulosaarenliikuntaseura.fi\/sv\/wp-json\/wp\/v2\/comments?post=252"}],"version-history":[{"count":151,"href":"https:\/\/kulosaarenliikuntaseura.fi\/sv\/wp-json\/wp\/v2\/pages\/252\/revisions"}],"predecessor-version":[{"id":1199,"href":"https:\/\/kulosaarenliikuntaseura.fi\/sv\/wp-json\/wp\/v2\/pages\/252\/revisions\/1199"}],"wp:attachment":[{"href":"https:\/\/kulosaarenliikuntaseura.fi\/sv\/wp-json\/wp\/v2\/media?parent=252"}],"curies":[{"name":"wp","href":"https:\/\/api.w.org\/{rel}","templated":true}]}}