{"id":356,"date":"2022-11-20T17:20:59","date_gmt":"2022-11-20T15:20:59","guid":{"rendered":"http:\/\/3.76.88.255\/?page_id=356"},"modified":"2025-12-19T16:19:25","modified_gmt":"2025-12-19T14:19:25","slug":"lapset","status":"publish","type":"page","link":"https:\/\/kulosaarenliikuntaseura.fi\/sv\/lapset\/","title":{"rendered":"Barn"},"content":{"rendered":"<div data-elementor-type=\"wp-page\" data-elementor-id=\"356\" class=\"elementor elementor-356\">\n\t\t\t\t\t\t<div class=\"elementor-inner\">\n\t\t\t\t<div class=\"elementor-section-wrap\">\n\t\t\t\t\t\t\t\t\t<section class=\"elementor-section elementor-top-section elementor-element elementor-element-c91d7d9 elementor-section-boxed elementor-section-height-default elementor-section-height-default\" data-id=\"c91d7d9\" data-element_type=\"section\">\n\t\t\t\t\t\t<div class=\"elementor-container elementor-column-gap-default\">\n\t\t\t\t\t\t\t<div class=\"elementor-row\">\n\t\t\t\t\t<div class=\"aux-parallax-section elementor-column elementor-col-100 elementor-top-column elementor-element elementor-element-fda9703\" data-id=\"fda9703\" data-element_type=\"column\">\n\t\t\t<div class=\"elementor-column-wrap elementor-element-populated\">\n\t\t\t\t\t\t\t<div class=\"elementor-widget-wrap\">\n\t\t\t\t\t\t<div class=\"elementor-element elementor-element-d77dad5 elementor-widget elementor-widget-aux_modern_heading\" data-id=\"d77dad5\" data-element_type=\"widget\" data-widget_type=\"aux_modern_heading.default\">\n\t\t\t\t<div class=\"elementor-widget-container\">\n\t\t\t<section class=\"aux-widget-modern-heading\">\n            <div class=\"aux-widget-inner\"><h2 class=\"aux-modern-heading-primary\">Program f\u00f6r barn<\/h2><div class=\"aux-modern-heading-divider\"><\/div><\/div>\n        <\/section>\t\t<\/div>\n\t\t\t\t<\/div>\n\t\t\t\t<div class=\"elementor-element elementor-element-3ff103b elementor-widget elementor-widget-text-editor\" data-id=\"3ff103b\" data-element_type=\"widget\" data-widget_type=\"text-editor.default\">\n\t\t\t\t<div class=\"elementor-widget-container\">\n\t\t\t\t\t\t\t\t<div class=\"elementor-text-editor elementor-clearfix\">\n\t\t\t\t<div><div><div><strong>Kev\u00e4\u00e4n 2026 lasten ohjelma<\/strong><\/div><div>\u00a0<\/div><\/div><div><div><strong>Tisdag:<\/strong><\/div><div><p><strong>Taaperojumppa<\/strong> (0-3v. + vanhempi) klo 17.30-18.15 KSYK liikuntahalli.<\/p><p><strong>Sagogymnastik<\/strong> (3-4v. ja 5-6v.)\u00a0 klo 17.30-18.15\u00a0 KSYK liikuntahalli.<\/p><p><strong>Telinejumppa \/ TeamGym <\/strong>(6-13v.) klo 18.15-19.30 KSYK liikuntahalli.<\/p><p><strong>TeamGym<\/strong> kilparyhm\u00e4t. Vain ryhm\u00e4\u00e4n valituille. Heille ajat ja paikat ilmoitetaan erikseen.<\/p><\/div><p>KSYK liikuntahalli. Svinhufvudinkujan puolelta sis\u00e4\u00e4n, uusi liikuntahalli.<\/p><\/div><\/div>\t\t\t\t\t<\/div>\n\t\t\t\t\t\t<\/div>\n\t\t\t\t<\/div>\n\t\t\t\t\t\t<\/div>\n\t\t\t\t\t<\/div>\n\t\t<\/div>\n\t\t\t\t\t\t\t\t<\/div>\n\t\t\t\t\t<\/div>\n\t\t<\/section>\n\t\t\t\t\t\t\t\t\t<\/div>\n\t\t\t<\/div>\n\t\t\t\t\t<\/div>","protected":false},"excerpt":{"rendered":"<p>Lasten ohjelma Kev\u00e4\u00e4n 2026 lasten ohjelma\u00a0Tiistai: Taaperojumppa (0-3v. + vanhempi) klo 17.30-18.15 KSYK liikuntahalli. Satujumppa (3-4v. ja 5-6v.)\u00a0 klo 17.30-18.15\u00a0 KSYK liikuntahalli. Telinejumppa \/ TeamGym (6-13v.) klo 18.15-19.30 KSYK liikuntahalli. TeamGym kilparyhm\u00e4t. Vain ryhm\u00e4\u00e4n valituille. Heille ajat ja paikat ilmoitetaan erikseen. KSYK liikuntahalli. Svinhufvudinkujan puolelta sis\u00e4\u00e4n, uusi liikuntahalli.<\/p>","protected":false},"author":1,"featured_media":0,"parent":0,"menu_order":0,"comment_status":"closed","ping_status":"closed","template":"","meta":[],"_links":{"self":[{"href":"https:\/\/kulosaarenliikuntaseura.fi\/sv\/wp-json\/wp\/v2\/pages\/356"}],"collection":[{"href":"https:\/\/kulosaarenliikuntaseura.fi\/sv\/wp-json\/wp\/v2\/pages"}],"about":[{"href":"https:\/\/kulosaarenliikuntaseura.fi\/sv\/wp-json\/wp\/v2\/types\/page"}],"author":[{"embeddable":true,"href":"https:\/\/kulosaarenliikuntaseura.fi\/sv\/wp-json\/wp\/v2\/users\/1"}],"replies":[{"embeddable":true,"href":"https:\/\/kulosaarenliikuntaseura.fi\/sv\/wp-json\/wp\/v2\/comments?post=356"}],"version-history":[{"count":70,"href":"https:\/\/kulosaarenliikuntaseura.fi\/sv\/wp-json\/wp\/v2\/pages\/356\/revisions"}],"predecessor-version":[{"id":1190,"href":"https:\/\/kulosaarenliikuntaseura.fi\/sv\/wp-json\/wp\/v2\/pages\/356\/revisions\/1190"}],"wp:attachment":[{"href":"https:\/\/kulosaarenliikuntaseura.fi\/sv\/wp-json\/wp\/v2\/media?parent=356"}],"curies":[{"name":"wp","href":"https:\/\/api.w.org\/{rel}","templated":true}]}}